{"id":1287,"date":"2018-12-23T15:53:22","date_gmt":"2018-12-23T15:53:22","guid":{"rendered":"http:\/\/erdosbor.hu\/?post_type=product&#038;p=1287"},"modified":"2018-12-29T14:44:16","modified_gmt":"2018-12-29T14:44:16","slug":"cuvee","status":"publish","type":"product","link":"https:\/\/erdosbor.hu\/index.php\/product\/cuvee\/","title":{"rendered":"Cuv\u00e9e"},"content":{"rendered":"","protected":false},"excerpt":{"rendered":"","protected":false},"featured_media":1264,"template":"","meta":{"_monsterinsights_skip_tracking":false,"_monsterinsights_sitenote_active":false,"_monsterinsights_sitenote_note":"","_monsterinsights_sitenote_category":0},"product_brand":[],"product_cat":[36],"product_tag":[63,56,62],"class_list":{"0":"post-1287","1":"product","2":"type-product","3":"status-publish","4":"has-post-thumbnail","6":"product_cat-white-wines","7":"product_tag-cuvee","8":"product_tag-feher","9":"product_tag-feledes","11":"first","12":"instock","13":"shipping-taxable","14":"purchasable","15":"product-type-simple"},"yoast_head":"<!-- This site is optimized with the Yoast SEO plugin v27.4 - https:\/\/yoast.com\/product\/yoast-seo-wordpress\/ -->\n<title>Cuv\u00e9e - Erd\u0151s Bor\u00e1szat<\/title>\n<meta name=\"robots\" content=\"index, follow, max-snippet:-1, max-image-preview:large, max-video-preview:-1\" \/>\n<link rel=\"canonical\" href=\"https:\/\/erdosbor.hu\/index.php\/product\/cuvee\/\" \/>\n<meta property=\"og:locale\" content=\"hu_HU\" \/>\n<meta property=\"og:type\" content=\"article\" \/>\n<meta property=\"og:title\" content=\"Cuv\u00e9e - Erd\u0151s Bor\u00e1szat\" \/>\n<meta property=\"og:url\" content=\"https:\/\/erdosbor.hu\/index.php\/product\/cuvee\/\" \/>\n<meta property=\"og:site_name\" content=\"Erd\u0151s Bor\u00e1szat\" \/>\n<meta property=\"article:modified_time\" content=\"2018-12-29T14:44:16+00:00\" \/>\n<meta property=\"og:image\" content=\"https:\/\/erdosbor.hu\/wp-content\/uploads\/2018\/12\/DIV2203.png\" \/>\n\t<meta property=\"og:image:width\" content=\"1024\" \/>\n\t<meta property=\"og:image:height\" content=\"1539\" \/>\n\t<meta property=\"og:image:type\" content=\"image\/png\" \/>\n<meta name=\"twitter:card\" content=\"summary_large_image\" \/>\n<script type=\"application\/ld+json\" class=\"yoast-schema-graph\">{\"@context\":\"https:\\\/\\\/schema.org\",\"@graph\":[{\"@type\":\"WebPage\",\"@id\":\"https:\\\/\\\/erdosbor.hu\\\/index.php\\\/product\\\/cuvee\\\/\",\"url\":\"https:\\\/\\\/erdosbor.hu\\\/index.php\\\/product\\\/cuvee\\\/\",\"name\":\"Cuv\u00e9e - Erd\u0151s Bor\u00e1szat\",\"isPartOf\":{\"@id\":\"http:\\\/\\\/erdosbor.hu\\\/#website\"},\"primaryImageOfPage\":{\"@id\":\"https:\\\/\\\/erdosbor.hu\\\/index.php\\\/product\\\/cuvee\\\/#primaryimage\"},\"image\":{\"@id\":\"https:\\\/\\\/erdosbor.hu\\\/index.php\\\/product\\\/cuvee\\\/#primaryimage\"},\"thumbnailUrl\":\"https:\\\/\\\/erdosbor.hu\\\/wp-content\\\/uploads\\\/2018\\\/12\\\/DIV2203.png\",\"datePublished\":\"2018-12-23T15:53:22+00:00\",\"dateModified\":\"2018-12-29T14:44:16+00:00\",\"breadcrumb\":{\"@id\":\"https:\\\/\\\/erdosbor.hu\\\/index.php\\\/product\\\/cuvee\\\/#breadcrumb\"},\"inLanguage\":\"hu\",\"potentialAction\":[{\"@type\":\"ReadAction\",\"target\":[\"https:\\\/\\\/erdosbor.hu\\\/index.php\\\/product\\\/cuvee\\\/\"]}]},{\"@type\":\"ImageObject\",\"inLanguage\":\"hu\",\"@id\":\"https:\\\/\\\/erdosbor.hu\\\/index.php\\\/product\\\/cuvee\\\/#primaryimage\",\"url\":\"https:\\\/\\\/erdosbor.hu\\\/wp-content\\\/uploads\\\/2018\\\/12\\\/DIV2203.png\",\"contentUrl\":\"https:\\\/\\\/erdosbor.hu\\\/wp-content\\\/uploads\\\/2018\\\/12\\\/DIV2203.png\",\"width\":1024,\"height\":1539},{\"@type\":\"BreadcrumbList\",\"@id\":\"https:\\\/\\\/erdosbor.hu\\\/index.php\\\/product\\\/cuvee\\\/#breadcrumb\",\"itemListElement\":[{\"@type\":\"ListItem\",\"position\":1,\"name\":\"Home\",\"item\":\"https:\\\/\\\/erdosbor.hu\\\/\"},{\"@type\":\"ListItem\",\"position\":2,\"name\":\"Boraink \\\/ \u00c1ruh\u00e1z\",\"item\":\"https:\\\/\\\/erdosbor.hu\\\/index.php\\\/shop\\\/\"},{\"@type\":\"ListItem\",\"position\":3,\"name\":\"Cuv\u00e9e\"}]},{\"@type\":\"WebSite\",\"@id\":\"http:\\\/\\\/erdosbor.hu\\\/#website\",\"url\":\"http:\\\/\\\/erdosbor.hu\\\/\",\"name\":\"Erd\u0151s Bor\u00e1szat\",\"description\":\"Erd\u0151s Bor\u00e1szat\",\"potentialAction\":[{\"@type\":\"SearchAction\",\"target\":{\"@type\":\"EntryPoint\",\"urlTemplate\":\"http:\\\/\\\/erdosbor.hu\\\/?s={search_term_string}\"},\"query-input\":{\"@type\":\"PropertyValueSpecification\",\"valueRequired\":true,\"valueName\":\"search_term_string\"}}],\"inLanguage\":\"hu\"}]}<\/script>\n<!-- \/ Yoast SEO plugin. -->","yoast_head_json":{"title":"Cuv\u00e9e - Erd\u0151s Bor\u00e1szat","robots":{"index":"index","follow":"follow","max-snippet":"max-snippet:-1","max-image-preview":"max-image-preview:large","max-video-preview":"max-video-preview:-1"},"canonical":"https:\/\/erdosbor.hu\/index.php\/product\/cuvee\/","og_locale":"hu_HU","og_type":"article","og_title":"Cuv\u00e9e - Erd\u0151s Bor\u00e1szat","og_url":"https:\/\/erdosbor.hu\/index.php\/product\/cuvee\/","og_site_name":"Erd\u0151s Bor\u00e1szat","article_modified_time":"2018-12-29T14:44:16+00:00","og_image":[{"width":1024,"height":1539,"url":"https:\/\/erdosbor.hu\/wp-content\/uploads\/2018\/12\/DIV2203.png","type":"image\/png"}],"twitter_card":"summary_large_image","schema":{"@context":"https:\/\/schema.org","@graph":[{"@type":"WebPage","@id":"https:\/\/erdosbor.hu\/index.php\/product\/cuvee\/","url":"https:\/\/erdosbor.hu\/index.php\/product\/cuvee\/","name":"Cuv\u00e9e - Erd\u0151s Bor\u00e1szat","isPartOf":{"@id":"http:\/\/erdosbor.hu\/#website"},"primaryImageOfPage":{"@id":"https:\/\/erdosbor.hu\/index.php\/product\/cuvee\/#primaryimage"},"image":{"@id":"https:\/\/erdosbor.hu\/index.php\/product\/cuvee\/#primaryimage"},"thumbnailUrl":"https:\/\/erdosbor.hu\/wp-content\/uploads\/2018\/12\/DIV2203.png","datePublished":"2018-12-23T15:53:22+00:00","dateModified":"2018-12-29T14:44:16+00:00","breadcrumb":{"@id":"https:\/\/erdosbor.hu\/index.php\/product\/cuvee\/#breadcrumb"},"inLanguage":"hu","potentialAction":[{"@type":"ReadAction","target":["https:\/\/erdosbor.hu\/index.php\/product\/cuvee\/"]}]},{"@type":"ImageObject","inLanguage":"hu","@id":"https:\/\/erdosbor.hu\/index.php\/product\/cuvee\/#primaryimage","url":"https:\/\/erdosbor.hu\/wp-content\/uploads\/2018\/12\/DIV2203.png","contentUrl":"https:\/\/erdosbor.hu\/wp-content\/uploads\/2018\/12\/DIV2203.png","width":1024,"height":1539},{"@type":"BreadcrumbList","@id":"https:\/\/erdosbor.hu\/index.php\/product\/cuvee\/#breadcrumb","itemListElement":[{"@type":"ListItem","position":1,"name":"Home","item":"https:\/\/erdosbor.hu\/"},{"@type":"ListItem","position":2,"name":"Boraink \/ \u00c1ruh\u00e1z","item":"https:\/\/erdosbor.hu\/index.php\/shop\/"},{"@type":"ListItem","position":3,"name":"Cuv\u00e9e"}]},{"@type":"WebSite","@id":"http:\/\/erdosbor.hu\/#website","url":"http:\/\/erdosbor.hu\/","name":"Erd\u0151s Bor\u00e1szat","description":"Erd\u0151s Bor\u00e1szat","potentialAction":[{"@type":"SearchAction","target":{"@type":"EntryPoint","urlTemplate":"http:\/\/erdosbor.hu\/?s={search_term_string}"},"query-input":{"@type":"PropertyValueSpecification","valueRequired":true,"valueName":"search_term_string"}}],"inLanguage":"hu"}]}},"_links":{"self":[{"href":"https:\/\/erdosbor.hu\/index.php\/wp-json\/wp\/v2\/product\/1287","targetHints":{"allow":["GET"]}}],"collection":[{"href":"https:\/\/erdosbor.hu\/index.php\/wp-json\/wp\/v2\/product"}],"about":[{"href":"https:\/\/erdosbor.hu\/index.php\/wp-json\/wp\/v2\/types\/product"}],"wp:featuredmedia":[{"embeddable":true,"href":"https:\/\/erdosbor.hu\/index.php\/wp-json\/wp\/v2\/media\/1264"}],"wp:attachment":[{"href":"https:\/\/erdosbor.hu\/index.php\/wp-json\/wp\/v2\/media?parent=1287"}],"wp:term":[{"taxonomy":"product_brand","embeddable":true,"href":"https:\/\/erdosbor.hu\/index.php\/wp-json\/wp\/v2\/product_brand?post=1287"},{"taxonomy":"product_cat","embeddable":true,"href":"https:\/\/erdosbor.hu\/index.php\/wp-json\/wp\/v2\/product_cat?post=1287"},{"taxonomy":"product_tag","embeddable":true,"href":"https:\/\/erdosbor.hu\/index.php\/wp-json\/wp\/v2\/product_tag?post=1287"}],"curies":[{"name":"wp","href":"https:\/\/api.w.org\/{rel}","templated":true}]}}