{"id":234,"date":"2016-12-28T15:57:49","date_gmt":"2016-12-28T15:57:49","guid":{"rendered":"http:\/\/luxurywine.dv.axiomthemes.com\/?page_id=234"},"modified":"2017-02-22T03:09:31","modified_gmt":"2017-02-22T03:09:31","slug":"our-team","status":"publish","type":"page","link":"https:\/\/erdosbor.hu\/index.php\/our-team\/","title":{"rendered":"Our Team"},"content":{"rendered":"<p>[vc_row full_width=&#8221;stretch_row_content_no_spaces&#8221; scheme=&#8221;dark&#8221; css=&#8221;.vc_custom_1484738097451{background-image: url(http:\/\/erdosbor.hu\/sub\/wp-content\/uploads\/2016\/12\/img_6.jpg?id=816) !important;}&#8221;][vc_column]<div  id=\"sc_promo_1975500250\" \n\tclass=\"sc_promo sc_promo_default sc_promo_size_normal sc_promo_image_position_right\"><div class=\"sc_promo_image\" style=\"background-image:url(https:\/\/erdosbor.hu\/wp-content\/uploads\/2016\/12\/img.jpg);width:50%;right: 0;\"><\/div><div class=\"sc_promo_text sc_float_right\" style=\"width: 50%;float: left;\">\n\t\t\t<div class=\"sc_promo_text_inner sc_align_left sc_content_width_1_2\" style=\"background-color:rgba(255,255,255,0.01);\"><h6 class=\"sc_item_subtitle sc_promo_subtitle sc_align_default sc_item_title_style_default\">Who We Are<\/h6><h1 class=\"sc_item_title sc_promo_title sc_align_default sc_item_title_style_default sc_item_title_tag\">About Our Team<\/h1><div class=\"sc_item_descr sc_promo_descr sc_align_default\">But I must explain to you how all this mistaken idea of denouncing pleasure and praising pain was born and I will give you a complete account of the system, and expound.<br \/><br \/>\nMaecenas sagittis est quis metus ullamcorper posuere. Praesent non fermentum felis. Pellentesque eleifend imperdiet arcu non pretium morbi vestibulum tellus ante.<\/div><div class=\"sc_item_button sc_item_button_default sc_promo_button sc_align_default sc_button_wrap\"><a href=\"\/about-us-style-1\/\" id=\"sc_button_131500494\" class=\"sc_button sc_button_default sc_button_icon_left\"><span class=\"sc_button_text\"><span class=\"sc_button_title\">Learn More<\/span><\/span><!-- \/.sc_button_text --><\/a><!-- \/.sc_button --><\/div><!-- \/.sc_item_button sc_item_button_default sc_promo_button sc_align_default --><\/div>\n\t\t<\/div><!-- \/.sc_promo_text --><\/div><!-- \/.sc_promo -->[\/vc_column][\/vc_row][vc_row css=&#8221;.vc_custom_1483972562279{background-position: center !important;background-repeat: no-repeat !important;background-size: cover !important;}&#8221;][vc_column][vc_empty_space height=&#8221;10.1em&#8221; alter_height=&#8221;none&#8221; hide_on_mobile=&#8221;&#8221;]<div class=\"sc_team sc_team_default\" data-slides-per-view=\"3\" data-slides-min-width=\"150\"\t\t>\n\t\t<h6 class=\"sc_item_subtitle sc_team_subtitle sc_align_center sc_item_title_style_default\">Our Professional<\/h6><h1 class=\"sc_item_title sc_team_title sc_align_center sc_item_title_style_default sc_item_title_tag\">Sommelier\u2019s<\/h1><div class=\"sc_team_columns sc_item_columns trx_addons_columns_wrap columns_padding_bottom\"><div class=\"trx_addons_column-1_3\"><div class=\"sc_team_item\">\n\t<div class=\"post_featured with_thumb hover_dots sc_team_item_thumb\"><img loading=\"lazy\" decoding=\"async\" width=\"370\" height=\"450\" src=\"https:\/\/erdosbor.hu\/wp-content\/uploads\/2016\/10\/gyula-370x450.jpg\" class=\"attachment-luxury-wine-thumb-portrait size-luxury-wine-thumb-portrait wp-post-image\" alt=\"Erd\u0151s Gyula\" \/><div class=\"mask\"><\/div><a href=\"https:\/\/erdosbor.hu\/index.php\/team\/erdos-gyula\/\" aria-hidden=\"true\" class=\"icons\"><span><\/span><span><\/span><span><\/span><\/a><\/div>\t<div class=\"sc_team_item_info\">\n\t\t<div class=\"sc_team_item_header\">\n\t\t\t<h4 class=\"sc_team_item_title\"><a href=\"https:\/\/erdosbor.hu\/index.php\/team\/erdos-gyula\/\">Erd\u0151s Gyula<\/a><\/h4>\n\t\t\t<div class=\"sc_team_item_subtitle\">Bor\u00e1sz<\/div>\n\t\t<\/div>\n\t\t<div class=\"sc_team_item_content\"><p>[vc_row full_width=&#8221;stretch_row&#8221; scheme=&#8221;dark&#8221; css=&#8221;.vc_custom_1484647420927{background-image: url(http:\/\/erdosbor.hu\/sub\/wp-content\/uploads\/2016\/12\/bg-3.jpg?id=577) !important;background-position: center !important;background-repeat: no-repeat !important;background-size: cover !important;}&#8221;][vc_column][vc_empty_space height=&#8221;9em&#8221; alter_height=&#8221;none&#8221; hide_on_mobile=&#8221;&#8221;][vc_empty_space height=&#8221;3.5em&#8221; alter_height=&#8221;none&#8221; hide_on_mobile=&#8221;&#8221;][\/vc_column][\/vc_row][vc_row full_width=&#8221;stretch_row_content_no_spaces&#8221;][vc_column][\/vc_column][\/vc_row]<\/p>\n<\/div>\n\t\t\t\t<!--<div class=\"sc_team_item_button\"><a href=\"https:\/\/erdosbor.hu\/index.php\/team\/erdos-gyula\/\" class=\"sc_button sc_button_simple\">Learn more<\/a><\/div>-->\n\t<\/div>\n<\/div>\n<\/div><div class=\"trx_addons_column-1_3\"><div class=\"sc_team_item\">\n\t<div class=\"post_featured with_thumb hover_dots sc_team_item_thumb\"><img loading=\"lazy\" decoding=\"async\" width=\"370\" height=\"450\" src=\"https:\/\/erdosbor.hu\/wp-content\/uploads\/2016\/10\/apa-370x450.jpg\" class=\"attachment-luxury-wine-thumb-portrait size-luxury-wine-thumb-portrait wp-post-image\" alt=\"Erd\u0151s Zolt\u00e1n\" \/><div class=\"mask\"><\/div><a href=\"https:\/\/erdosbor.hu\/index.php\/team\/erdos-zoltan\/\" aria-hidden=\"true\" class=\"icons\"><span><\/span><span><\/span><span><\/span><\/a><\/div>\t<div class=\"sc_team_item_info\">\n\t\t<div class=\"sc_team_item_header\">\n\t\t\t<h4 class=\"sc_team_item_title\"><a href=\"https:\/\/erdosbor.hu\/index.php\/team\/erdos-zoltan\/\">Erd\u0151s Zolt\u00e1n<\/a><\/h4>\n\t\t\t<div class=\"sc_team_item_subtitle\">Bor\u00e1sz<\/div>\n\t\t<\/div>\n\t\t<div class=\"sc_team_item_content\"><p>[vc_row full_width=&#8221;stretch_row&#8221; scheme=&#8221;dark&#8221; css=&#8221;.vc_custom_1484647420927{background-image: url(http:\/\/erdosbor.hu\/sub\/wp-content\/uploads\/2016\/12\/bg-3.jpg?id=577) !important;background-position: center !important;background-repeat: no-repeat !important;background-size: cover !important;}&#8221;][vc_column][vc_empty_space height=&#8221;9em&#8221; alter_height=&#8221;none&#8221; hide_on_mobile=&#8221;&#8221;][vc_empty_space height=&#8221;3.5em&#8221; alter_height=&#8221;none&#8221; hide_on_mobile=&#8221;&#8221;][\/vc_column][\/vc_row][vc_row full_width=&#8221;stretch_row_content_no_spaces&#8221;][vc_column][\/vc_column][\/vc_row]<\/p>\n<\/div>\n\t\t<div class=\"sc_team_item_socials\"><\/div>\t\t<!--<div class=\"sc_team_item_button\"><a href=\"https:\/\/erdosbor.hu\/index.php\/team\/erdos-zoltan\/\" class=\"sc_button sc_button_simple\">Learn more<\/a><\/div>-->\n\t<\/div>\n<\/div>\n<\/div><\/div><div class=\"sc_item_button sc_item_button_simple sc_team_button sc_align_center sc_button_wrap\"><a href=\"\/our-team\/\" id=\"sc_button_1421157677\" class=\"sc_button sc_button_simple sc_button_icon_left\"><span class=\"sc_button_text\"><span class=\"sc_button_title\">All Someliers<\/span><\/span><!-- \/.sc_button_text --><\/a><!-- \/.sc_button --><\/div><!-- \/.sc_item_button sc_item_button_simple sc_team_button sc_align_center --><\/div><!-- \/.sc_team -->[vc_empty_space height=&#8221;10.1em&#8221; alter_height=&#8221;none&#8221; hide_on_mobile=&#8221;&#8221;][\/vc_column][\/vc_row][vc_row full_width=&#8221;stretch_row&#8221; scheme=&#8221;dark&#8221; css=&#8221;.vc_custom_1484746186161{background-image: url(http:\/\/erdosbor.hu\/sub\/wp-content\/uploads\/2016\/12\/bg-4.jpg?id=526) !important;}&#8221;][vc_column][vc_empty_space height=&#8221;11.8em&#8221; alter_height=&#8221;none&#8221; hide_on_mobile=&#8221;&#8221;]<div id=\"sc_title_475211624\"\n\t\tclass=\"sc_title sc_title_default\"><h1 class=\"sc_item_title sc_title_title sc_align_center sc_item_title_style_default sc_item_title_tag\">Professionals of the Wine & Winemaking<\/h1><div class=\"sc_item_descr sc_title_descr sc_align_center\">But I must explain to you how all this mistaken idea of denouncing pleasure and<br \/>\npraising pain was born and I will give you.<\/div><\/div><!-- \/.sc_title -->[vc_empty_space height=&#8221;2.9em&#8221; alter_height=&#8221;none&#8221; hide_on_mobile=&#8221;&#8221;]<div class=\"sc_item_button sc_button_wrap sc_align_center\"><a href=\"\/about-us-style-1\/\" id=\"sc_button_297349356\" class=\"sc_button sc_button_simple sc_button_size_large sc_button_icon_left\"><span class=\"sc_button_text\"><span class=\"sc_button_title\">Learn More<\/span><\/span><!-- \/.sc_button_text --><\/a><!-- \/.sc_button --><\/div><!-- \/.sc_item_button -->[vc_empty_space height=&#8221;11.6em&#8221; alter_height=&#8221;none&#8221; hide_on_mobile=&#8221;&#8221;][\/vc_column][\/vc_row][vc_row][vc_column][vc_empty_space height=&#8221;10.1em&#8221; alter_height=&#8221;none&#8221; hide_on_mobile=&#8221;&#8221;][vc_empty_space height=&#8221;2.7em&#8221; alter_height=&#8221;none&#8221; hide_on_mobile=&#8221;&#8221;][\/vc_column][\/vc_row]<\/p>\n","protected":false},"excerpt":{"rendered":"<p>[vc_row full_width=&#8221;stretch_row_content_no_spaces&#8221; scheme=&#8221;dark&#8221; css=&#8221;.vc_custom_1484738097451{background-image: url(http:\/\/erdosbor.hu\/sub\/wp-content\/uploads\/2016\/12\/img_6.jpg?id=816) !important;}&#8221;][vc_column][\/vc_column][\/vc_row][vc_row css=&#8221;.vc_custom_1483972562279{background-position: center !important;background-repeat: no-repeat !important;background-size: cover !important;}&#8221;][vc_column][vc_empty_space height=&#8221;10.1em&#8221; alter_height=&#8221;none&#8221; hide_on_mobile=&#8221;&#8221;][vc_empty_space height=&#8221;10.1em&#8221; alter_height=&#8221;none&#8221; hide_on_mobile=&#8221;&#8221;][\/vc_column][\/vc_row][vc_row full_width=&#8221;stretch_row&#8221; scheme=&#8221;dark&#8221; css=&#8221;.vc_custom_1484746186161{background-image: url(http:\/\/erdosbor.hu\/sub\/wp-content\/uploads\/2016\/12\/bg-4.jpg?id=526) !important;}&#8221;][vc_column][vc_empty_space height=&#8221;11.8em&#8221; alter_height=&#8221;none&#8221; hide_on_mobile=&#8221;&#8221;][vc_empty_space height=&#8221;2.9em&#8221; alter_height=&#8221;none&#8221; hide_on_mobile=&#8221;&#8221;][vc_empty_space height=&#8221;11.6em&#8221; alter_height=&#8221;none&#8221; hide_on_mobile=&#8221;&#8221;][\/vc_column][\/vc_row][vc_row][vc_column][vc_empty_space height=&#8221;10.1em&#8221; alter_height=&#8221;none&#8221; hide_on_mobile=&#8221;&#8221;][vc_empty_space height=&#8221;2.7em&#8221; alter_height=&#8221;none&#8221; hide_on_mobile=&#8221;&#8221;][\/vc_column][\/vc_row]<\/p>\n","protected":false},"author":1,"featured_media":0,"parent":0,"menu_order":0,"comment_status":"closed","ping_status":"closed","template":"","meta":{"_monsterinsights_skip_tracking":false,"_monsterinsights_sitenote_active":false,"_monsterinsights_sitenote_note":"","_monsterinsights_sitenote_category":0,"footnotes":""},"class_list":["post-234","page","type-page","status-publish","hentry"],"yoast_head":"<!-- This site is optimized with the Yoast SEO plugin v27.5 - https:\/\/yoast.com\/product\/yoast-seo-wordpress\/ -->\n<title>Our Team - Erd\u0151s Bor\u00e1szat<\/title>\n<meta name=\"robots\" content=\"index, follow, max-snippet:-1, max-image-preview:large, max-video-preview:-1\" \/>\n<link rel=\"canonical\" href=\"https:\/\/erdosbor.hu\/index.php\/our-team\/\" \/>\n<meta property=\"og:locale\" content=\"hu_HU\" \/>\n<meta property=\"og:type\" content=\"article\" \/>\n<meta property=\"og:title\" content=\"Our Team - Erd\u0151s Bor\u00e1szat\" \/>\n<meta property=\"og:description\" content=\"[vc_row full_width=&#8221;stretch_row_content_no_spaces&#8221; scheme=&#8221;dark&#8221; css=&#8221;.vc_custom_1484738097451{background-image: url(http:\/\/erdosbor.hu\/sub\/wp-content\/uploads\/2016\/12\/img_6.jpg?id=816) !important;}&#8221;][vc_column][\/vc_column][\/vc_row][vc_row css=&#8221;.vc_custom_1483972562279{background-position: center !important;background-repeat: no-repeat !important;background-size: cover !important;}&#8221;][vc_column][vc_empty_space height=&#8221;10.1em&#8221; alter_height=&#8221;none&#8221; hide_on_mobile=&#8221;&#8221;][vc_empty_space height=&#8221;10.1em&#8221; alter_height=&#8221;none&#8221; hide_on_mobile=&#8221;&#8221;][\/vc_column][\/vc_row][vc_row full_width=&#8221;stretch_row&#8221; scheme=&#8221;dark&#8221; css=&#8221;.vc_custom_1484746186161{background-image: url(http:\/\/erdosbor.hu\/sub\/wp-content\/uploads\/2016\/12\/bg-4.jpg?id=526) !important;}&#8221;][vc_column][vc_empty_space height=&#8221;11.8em&#8221; alter_height=&#8221;none&#8221; hide_on_mobile=&#8221;&#8221;][vc_empty_space height=&#8221;2.9em&#8221; alter_height=&#8221;none&#8221; hide_on_mobile=&#8221;&#8221;][vc_empty_space height=&#8221;11.6em&#8221; alter_height=&#8221;none&#8221; hide_on_mobile=&#8221;&#8221;][\/vc_column][\/vc_row][vc_row][vc_column][vc_empty_space height=&#8221;10.1em&#8221; alter_height=&#8221;none&#8221; hide_on_mobile=&#8221;&#8221;][vc_empty_space height=&#8221;2.7em&#8221; alter_height=&#8221;none&#8221; hide_on_mobile=&#8221;&#8221;][\/vc_column][\/vc_row]\" \/>\n<meta property=\"og:url\" content=\"https:\/\/erdosbor.hu\/index.php\/our-team\/\" \/>\n<meta property=\"og:site_name\" content=\"Erd\u0151s Bor\u00e1szat\" \/>\n<meta property=\"article:modified_time\" content=\"2017-02-22T03:09:31+00:00\" \/>\n<meta name=\"twitter:card\" content=\"summary_large_image\" \/>\n<meta name=\"twitter:label1\" content=\"Becs\u00fclt olvas\u00e1si id\u0151\" \/>\n\t<meta name=\"twitter:data1\" content=\"3 perc\" \/>\n<script type=\"application\/ld+json\" class=\"yoast-schema-graph\">{\"@context\":\"https:\\\/\\\/schema.org\",\"@graph\":[{\"@type\":\"WebPage\",\"@id\":\"https:\\\/\\\/erdosbor.hu\\\/index.php\\\/our-team\\\/\",\"url\":\"https:\\\/\\\/erdosbor.hu\\\/index.php\\\/our-team\\\/\",\"name\":\"Our Team - Erd\u0151s Bor\u00e1szat\",\"isPartOf\":{\"@id\":\"http:\\\/\\\/erdosbor.hu\\\/#website\"},\"datePublished\":\"2016-12-28T15:57:49+00:00\",\"dateModified\":\"2017-02-22T03:09:31+00:00\",\"breadcrumb\":{\"@id\":\"https:\\\/\\\/erdosbor.hu\\\/index.php\\\/our-team\\\/#breadcrumb\"},\"inLanguage\":\"hu\",\"potentialAction\":[{\"@type\":\"ReadAction\",\"target\":[\"https:\\\/\\\/erdosbor.hu\\\/index.php\\\/our-team\\\/\"]}]},{\"@type\":\"BreadcrumbList\",\"@id\":\"https:\\\/\\\/erdosbor.hu\\\/index.php\\\/our-team\\\/#breadcrumb\",\"itemListElement\":[{\"@type\":\"ListItem\",\"position\":1,\"name\":\"Home\",\"item\":\"https:\\\/\\\/erdosbor.hu\\\/\"},{\"@type\":\"ListItem\",\"position\":2,\"name\":\"Our Team\"}]},{\"@type\":\"WebSite\",\"@id\":\"http:\\\/\\\/erdosbor.hu\\\/#website\",\"url\":\"http:\\\/\\\/erdosbor.hu\\\/\",\"name\":\"Erd\u0151s Bor\u00e1szat\",\"description\":\"Erd\u0151s Bor\u00e1szat\",\"potentialAction\":[{\"@type\":\"SearchAction\",\"target\":{\"@type\":\"EntryPoint\",\"urlTemplate\":\"http:\\\/\\\/erdosbor.hu\\\/?s={search_term_string}\"},\"query-input\":{\"@type\":\"PropertyValueSpecification\",\"valueRequired\":true,\"valueName\":\"search_term_string\"}}],\"inLanguage\":\"hu\"}]}<\/script>\n<!-- \/ Yoast SEO plugin. -->","yoast_head_json":{"title":"Our Team - Erd\u0151s Bor\u00e1szat","robots":{"index":"index","follow":"follow","max-snippet":"max-snippet:-1","max-image-preview":"max-image-preview:large","max-video-preview":"max-video-preview:-1"},"canonical":"https:\/\/erdosbor.hu\/index.php\/our-team\/","og_locale":"hu_HU","og_type":"article","og_title":"Our Team - Erd\u0151s Bor\u00e1szat","og_description":"[vc_row full_width=&#8221;stretch_row_content_no_spaces&#8221; scheme=&#8221;dark&#8221; css=&#8221;.vc_custom_1484738097451{background-image: url(http:\/\/erdosbor.hu\/sub\/wp-content\/uploads\/2016\/12\/img_6.jpg?id=816) !important;}&#8221;][vc_column][\/vc_column][\/vc_row][vc_row css=&#8221;.vc_custom_1483972562279{background-position: center !important;background-repeat: no-repeat !important;background-size: cover !important;}&#8221;][vc_column][vc_empty_space height=&#8221;10.1em&#8221; alter_height=&#8221;none&#8221; hide_on_mobile=&#8221;&#8221;][vc_empty_space height=&#8221;10.1em&#8221; alter_height=&#8221;none&#8221; hide_on_mobile=&#8221;&#8221;][\/vc_column][\/vc_row][vc_row full_width=&#8221;stretch_row&#8221; scheme=&#8221;dark&#8221; css=&#8221;.vc_custom_1484746186161{background-image: url(http:\/\/erdosbor.hu\/sub\/wp-content\/uploads\/2016\/12\/bg-4.jpg?id=526) !important;}&#8221;][vc_column][vc_empty_space height=&#8221;11.8em&#8221; alter_height=&#8221;none&#8221; hide_on_mobile=&#8221;&#8221;][vc_empty_space height=&#8221;2.9em&#8221; alter_height=&#8221;none&#8221; hide_on_mobile=&#8221;&#8221;][vc_empty_space height=&#8221;11.6em&#8221; alter_height=&#8221;none&#8221; hide_on_mobile=&#8221;&#8221;][\/vc_column][\/vc_row][vc_row][vc_column][vc_empty_space height=&#8221;10.1em&#8221; alter_height=&#8221;none&#8221; hide_on_mobile=&#8221;&#8221;][vc_empty_space height=&#8221;2.7em&#8221; alter_height=&#8221;none&#8221; hide_on_mobile=&#8221;&#8221;][\/vc_column][\/vc_row]","og_url":"https:\/\/erdosbor.hu\/index.php\/our-team\/","og_site_name":"Erd\u0151s Bor\u00e1szat","article_modified_time":"2017-02-22T03:09:31+00:00","twitter_card":"summary_large_image","twitter_misc":{"Becs\u00fclt olvas\u00e1si id\u0151":"3 perc"},"schema":{"@context":"https:\/\/schema.org","@graph":[{"@type":"WebPage","@id":"https:\/\/erdosbor.hu\/index.php\/our-team\/","url":"https:\/\/erdosbor.hu\/index.php\/our-team\/","name":"Our Team - Erd\u0151s Bor\u00e1szat","isPartOf":{"@id":"http:\/\/erdosbor.hu\/#website"},"datePublished":"2016-12-28T15:57:49+00:00","dateModified":"2017-02-22T03:09:31+00:00","breadcrumb":{"@id":"https:\/\/erdosbor.hu\/index.php\/our-team\/#breadcrumb"},"inLanguage":"hu","potentialAction":[{"@type":"ReadAction","target":["https:\/\/erdosbor.hu\/index.php\/our-team\/"]}]},{"@type":"BreadcrumbList","@id":"https:\/\/erdosbor.hu\/index.php\/our-team\/#breadcrumb","itemListElement":[{"@type":"ListItem","position":1,"name":"Home","item":"https:\/\/erdosbor.hu\/"},{"@type":"ListItem","position":2,"name":"Our Team"}]},{"@type":"WebSite","@id":"http:\/\/erdosbor.hu\/#website","url":"http:\/\/erdosbor.hu\/","name":"Erd\u0151s Bor\u00e1szat","description":"Erd\u0151s Bor\u00e1szat","potentialAction":[{"@type":"SearchAction","target":{"@type":"EntryPoint","urlTemplate":"http:\/\/erdosbor.hu\/?s={search_term_string}"},"query-input":{"@type":"PropertyValueSpecification","valueRequired":true,"valueName":"search_term_string"}}],"inLanguage":"hu"}]}},"_links":{"self":[{"href":"https:\/\/erdosbor.hu\/index.php\/wp-json\/wp\/v2\/pages\/234","targetHints":{"allow":["GET"]}}],"collection":[{"href":"https:\/\/erdosbor.hu\/index.php\/wp-json\/wp\/v2\/pages"}],"about":[{"href":"https:\/\/erdosbor.hu\/index.php\/wp-json\/wp\/v2\/types\/page"}],"author":[{"embeddable":true,"href":"https:\/\/erdosbor.hu\/index.php\/wp-json\/wp\/v2\/users\/1"}],"replies":[{"embeddable":true,"href":"https:\/\/erdosbor.hu\/index.php\/wp-json\/wp\/v2\/comments?post=234"}],"version-history":[{"count":1,"href":"https:\/\/erdosbor.hu\/index.php\/wp-json\/wp\/v2\/pages\/234\/revisions"}],"predecessor-version":[{"id":1257,"href":"https:\/\/erdosbor.hu\/index.php\/wp-json\/wp\/v2\/pages\/234\/revisions\/1257"}],"wp:attachment":[{"href":"https:\/\/erdosbor.hu\/index.php\/wp-json\/wp\/v2\/media?parent=234"}],"curies":[{"name":"wp","href":"https:\/\/api.w.org\/{rel}","templated":true}]}}